{"id":88,"date":"2022-01-27T08:25:37","date_gmt":"2022-01-27T08:25:37","guid":{"rendered":"https:\/\/akademiamacierzynstwa.com.pl\/?page_id=88"},"modified":"2025-05-13T11:20:06","modified_gmt":"2025-05-13T11:20:06","slug":"o-nas","status":"publish","type":"page","link":"https:\/\/akademiamacierzynstwa.com.pl\/index.php\/o-nas\/","title":{"rendered":"O NAS"},"content":{"rendered":"\n<h2 class=\"has-text-align-center\">Po\u0142o\u017cna<\/h2>\n\n\n<div class=\"wp-block-image\">\n<figure class=\"aligncenter size-large is-resized\"><img decoding=\"async\" loading=\"lazy\" src=\"https:\/\/akademiamacierzynstwa.com.pl\/wp-content\/uploads\/2023\/10\/Lidka-26.10.2023.-768x1024.jpg\" alt=\"\" class=\"wp-image-335\" width=\"343\" height=\"456\" srcset=\"https:\/\/akademiamacierzynstwa.com.pl\/wp-content\/uploads\/2023\/10\/Lidka-26.10.2023.-768x1024.jpg 768w, https:\/\/akademiamacierzynstwa.com.pl\/wp-content\/uploads\/2023\/10\/Lidka-26.10.2023.-225x300.jpg 225w, https:\/\/akademiamacierzynstwa.com.pl\/wp-content\/uploads\/2023\/10\/Lidka-26.10.2023.-1152x1536.jpg 1152w, https:\/\/akademiamacierzynstwa.com.pl\/wp-content\/uploads\/2023\/10\/Lidka-26.10.2023.-1536x2048.jpg 1536w, https:\/\/akademiamacierzynstwa.com.pl\/wp-content\/uploads\/2023\/10\/Lidka-26.10.2023.-1200x1600.jpg 1200w, https:\/\/akademiamacierzynstwa.com.pl\/wp-content\/uploads\/2023\/10\/Lidka-26.10.2023.-1980x2640.jpg 1980w, https:\/\/akademiamacierzynstwa.com.pl\/wp-content\/uploads\/2023\/10\/Lidka-26.10.2023.-scaled.jpg 1920w\" sizes=\"(max-width: 343px) 100vw, 343px\" \/><\/figure><\/div>\n\n\n<h2> mgr po\u0142o\u017cnictwa Lidia Jachowicz \u2013 po\u0142o\u017cna \u015brodowiskowa <\/h2>\n\n\n\n<p> Uko\u0144czy\u0142am po\u0142o\u017cnictwo na Uniwersytecie Medycznym w Poznaniu. Jestem magistrem po\u0142o\u017cnictwa i po\u0142o\u017cn\u0105 \u015brodowiskow\u0105. Posiadam wieloletnie do\u015bwiadczenie w po\u0142o\u017cnictwie. Sta\u017c pracy rozpocz\u0119\u0142am w roku 1996.<\/p>\n\n\n\n<p>W latach 1996-1998 pracowa\u0142am w Klinice im. \u015aw. Rodziny w Poznaniu, przy ulicy Jarochowskiego.<\/p>\n\n\n\n<p> Od 1998 do 2009 roku pracowa\u0142am na stanowisku po\u0142o\u017cnej w Ginekologiczno &#8211; Po\u0142ozniczym Szpitalu Klinicznym ul. Polna 33 w Poznaniu. <\/p>\n\n\n\n<p>Od 2010 \u2013 2016 roku pracowa\u0142am jako&nbsp; po\u0142o\u017cn\u0105 \u015brodowiskowo-rodzinn\u0105 w Przychodni Medycyny Rodzinnej Skarbowa w Lesznie. Od 2020 roku nadal wsp\u00f3\u0142pracuj\u0119 z przychodni\u0105. <\/p>\n\n\n\n<p>W 2019 pracowa\u0142am na oddziale neonatologii w Wojew\u00f3dzkim Szpitalu Zespolonym w Lesznie.<\/p>\n\n\n\n<p>Od maja 2016 roku  rozpocz\u0119\u0142am indywidualn\u0105 praktyk\u0119 jako po\u0142o\u017cna \u015brodowiskowa i otworzy\u0142am Akademi\u0119 Macierzy\u0144stwa \u2013 szko\u0142\u0119 rodzenia w Lesznie&nbsp; ul. Holenderska 34.<\/p>\n\n\n\n<p>Wsp\u00f3\u0142pracuj\u0119 z:<\/p>\n\n\n\n<ul>\n<li>fizjoterapeutk\u0105 wczesnej interwencji noworodka mgr Izabel\u0105 Ku\u017aniak, <\/li>\n\n\n\n<li>neurologoped\u0105 mgr Hann\u0105 Adamczak, <\/li>\n\n\n\n<li>doradc\u0105 chustowym \u2013 instruktork\u0105 chustonoszenia Milen\u0105 Nadoln\u0105 \u2013 Dr\u00f3\u017cd\u017c.<\/li>\n<\/ul>\n\n\n\n<p><strong>Zapewniam ca\u0142kowit\u0105 dyskrecj\u0119 oraz mi\u0142\u0105 i przyjazn\u0105 atmosfer\u0119.<\/strong><\/p>\n\n\n\n<p><\/p>\n\n\n\n<h2 class=\"has-text-align-center\">Fizjoterapeutka<\/h2>\n\n\n<div class=\"wp-block-image\">\n<figure class=\"aligncenter size-large is-resized\"><img decoding=\"async\" loading=\"lazy\" src=\"https:\/\/akademiamacierzynstwa.com.pl\/wp-content\/uploads\/2022\/01\/received_783669145883097-IZA-KUZNIAK-profil-683x1024.jpeg\" alt=\"\" class=\"wp-image-182\" width=\"351\" height=\"527\" srcset=\"https:\/\/akademiamacierzynstwa.com.pl\/wp-content\/uploads\/2022\/01\/received_783669145883097-IZA-KUZNIAK-profil-683x1024.jpeg 683w, https:\/\/akademiamacierzynstwa.com.pl\/wp-content\/uploads\/2022\/01\/received_783669145883097-IZA-KUZNIAK-profil-200x300.jpeg 200w, https:\/\/akademiamacierzynstwa.com.pl\/wp-content\/uploads\/2022\/01\/received_783669145883097-IZA-KUZNIAK-profil-768x1152.jpeg 768w, https:\/\/akademiamacierzynstwa.com.pl\/wp-content\/uploads\/2022\/01\/received_783669145883097-IZA-KUZNIAK-profil-1024x1536.jpeg 1024w, https:\/\/akademiamacierzynstwa.com.pl\/wp-content\/uploads\/2022\/01\/received_783669145883097-IZA-KUZNIAK-profil-1200x1800.jpeg 1200w, https:\/\/akademiamacierzynstwa.com.pl\/wp-content\/uploads\/2022\/01\/received_783669145883097-IZA-KUZNIAK-profil.jpeg 1365w\" sizes=\"(max-width: 351px) 100vw, 351px\" \/><\/figure><\/div>\n\n\n<h2>mgr Izabela Ku\u017aniak &#8211; fizjoterapeuta , terapeuta metody NDT Bobath<\/h2>\n\n\n\n<p>Uko\u0144czy\u0142am fizjoterapi\u0119&nbsp;na Uniwersytecie Medycznym w Poznaniu. Jestem magistrem fizjoterapii i terapeutk\u0105 metody NDT &#8211; Bobath dla dzieci i niemowl\u0105t. Na co dzie\u0144 pracuj\u0119 w O\u015brodku Wczesnej Interwencji w Lesznie i zajmuj\u0119 si\u0119 rehabilitacj\u0105 dzieci i niemowl\u0105t z zaburzeniami rozwoju. W swojej pracy du\u017c\u0105 wag\u0119 przywi\u0105zuj\u0119 do prawid\u0142owej piel\u0119gnacji i wspierania rozwoju dziecka ju\u017c od pierwszych dni \u017cycia. <\/p>\n\n\n\n<p>Prywatnie jestem mam\u0105 dw\u00f3jki dzieci. Szczeg\u00f3lnie interesuje si\u0119 fizjoterapi\u0105 dzieci oraz kobiet w ci\u0105\u017cy i po porodzie. Staram si\u0119 stale rozwija\u0107 uczestnicz\u0105c w r\u00f3\u017cnego rodzaju szkoleniach i podnosz\u0105c swoje kwalifikacje<\/p>\n\n\n\n<p><\/p>\n\n\n\n<p><\/p>\n\n\n\n<h2 class=\"has-text-align-center\">Neurologopeda <\/h2>\n\n\n<div class=\"wp-block-image\">\n<figure class=\"aligncenter size-full is-resized\"><img decoding=\"async\" loading=\"lazy\" src=\"https:\/\/akademiamacierzynstwa.com.pl\/wp-content\/uploads\/2021\/12\/images3D8WEFN9.jpg\" alt=\"\" class=\"wp-image-47\" width=\"446\" height=\"297\"\/><\/figure><\/div>\n\n\n<h2>mgr Hanna Adamczak<\/h2>\n\n\n\n<p><\/p>\n","protected":false},"excerpt":{"rendered":"<p>Po\u0142o\u017cna mgr po\u0142o\u017cnictwa Lidia Jachowicz \u2013 po\u0142o\u017cna \u015brodowiskowa Uko\u0144czy\u0142am po\u0142o\u017cnictwo na Uniwersytecie Medycznym w Poznaniu. Jestem magistrem po\u0142o\u017cnictwa i po\u0142o\u017cn\u0105 \u015brodowiskow\u0105. Posiadam wieloletnie do\u015bwiadczenie w po\u0142o\u017cnictwie. Sta\u017c pracy rozpocz\u0119\u0142am w roku 1996. W latach 1996-1998 pracowa\u0142am w Klinice im. \u015aw. Rodziny w Poznaniu, przy ulicy Jarochowskiego. Od 1998 do 2009 roku pracowa\u0142am na stanowisku po\u0142o\u017cnej [&hellip;]<\/p>\n","protected":false},"author":1,"featured_media":0,"parent":0,"menu_order":0,"comment_status":"closed","ping_status":"closed","template":"","meta":[],"_links":{"self":[{"href":"https:\/\/akademiamacierzynstwa.com.pl\/index.php\/wp-json\/wp\/v2\/pages\/88"}],"collection":[{"href":"https:\/\/akademiamacierzynstwa.com.pl\/index.php\/wp-json\/wp\/v2\/pages"}],"about":[{"href":"https:\/\/akademiamacierzynstwa.com.pl\/index.php\/wp-json\/wp\/v2\/types\/page"}],"author":[{"embeddable":true,"href":"https:\/\/akademiamacierzynstwa.com.pl\/index.php\/wp-json\/wp\/v2\/users\/1"}],"replies":[{"embeddable":true,"href":"https:\/\/akademiamacierzynstwa.com.pl\/index.php\/wp-json\/wp\/v2\/comments?post=88"}],"version-history":[{"count":13,"href":"https:\/\/akademiamacierzynstwa.com.pl\/index.php\/wp-json\/wp\/v2\/pages\/88\/revisions"}],"predecessor-version":[{"id":349,"href":"https:\/\/akademiamacierzynstwa.com.pl\/index.php\/wp-json\/wp\/v2\/pages\/88\/revisions\/349"}],"wp:attachment":[{"href":"https:\/\/akademiamacierzynstwa.com.pl\/index.php\/wp-json\/wp\/v2\/media?parent=88"}],"curies":[{"name":"wp","href":"https:\/\/api.w.org\/{rel}","templated":true}]}}